{"id":11,"date":"2016-01-09T17:39:30","date_gmt":"2016-01-09T16:39:30","guid":{"rendered":"http:\/\/www.weinclubalstertal.de\/?page_id=11"},"modified":"2020-01-30T14:40:53","modified_gmt":"2020-01-30T13:40:53","slug":"weine","status":"publish","type":"page","link":"https:\/\/www.weinclubalstertal.de\/?page_id=11","title":{"rendered":"Die Themen"},"content":{"rendered":"\n<p>Hier findet ihr einen \u00dcberblick \u00fcber die bisherigen Themen der Abende:<\/p>\n\n\n\n<p><a href=\"http:\/\/www.weinclubalstertal.de\/?p=502\">Barolo<\/a><\/p>\n\n\n\n<p><a href=\"http:\/\/www.weinclubalstertal.de\/?p=498\">Pessac-Leognang<\/a><\/p>\n\n\n\n<p><a href=\"http:\/\/www.weinclubalstertal.de\/?p=488\" target=\"_blank\" rel=\"noreferrer noopener\" aria-label=\"Toscana (\u00f6ffnet in neuem Tab)\">Toscana<\/a><\/p>\n\n\n\n<p><a href=\"http:\/\/www.weinclubalstertal.de\/?p=483\" target=\"_blank\" rel=\"noreferrer noopener\" aria-label=\"Deutscher Riesling (\u00f6ffnet in neuem Tab)\">Deutscher Riesling<\/a><\/p>\n\n\n\n<p><a href=\"http:\/\/www.weinclubalstertal.de\/?p=480\" target=\"_blank\" rel=\"noreferrer noopener\" aria-label=\"\u201eKleine\u201c Apellationen des rechten Ufers (\u00f6ffnet in neuem Tab)\">\u201eKleine\u201c Apellationen des rechten Ufers<\/a><\/p>\n\n\n\n<p><a href=\"http:\/\/www.weinclubalstertal.de\/?p=474\" target=\"_blank\" rel=\"noreferrer noopener\" aria-label=\"Chilenischer Rotwein (\u00f6ffnet in neuem Tab)\">Chilenischer Rotwein<\/a><\/p>\n\n\n\n<p><a href=\"http:\/\/www.weinclubalstertal.de\/?p=454\" target=\"_blank\" rel=\"noreferrer noopener\" aria-label=\"Rotwein Linkes Ufer (\u00f6ffnet in neuem Tab)\">Rotwein Linkes Ufer<\/a><\/p>\n\n\n\n<p><a href=\"http:\/\/www.weinclubalstertal.de\/?p=446\" target=\"_blank\" rel=\"noreferrer noopener\" aria-label=\"Nero d\u2019Avola (\u00f6ffnet in neuem Tab)\">Nero d\u2019Avola<\/a><\/p>\n\n\n\n<p><a href=\"http:\/\/www.weinclubalstertal.de\/?p=443\" target=\"_blank\" rel=\"noreferrer noopener\" aria-label=\"Australien (\u00f6ffnet in neuem Tab)\">Australien<\/a><\/p>\n\n\n\n<p><a href=\"http:\/\/www.weinclubalstertal.de\/?p=439\" target=\"_blank\" rel=\"noreferrer noopener\" aria-label=\"S\u00fcdafrika (\u00f6ffnet in neuem Tab)\">S\u00fcdafrika<\/a><\/p>\n\n\n\n<p><a href=\"http:\/\/www.weinclubalstertal.de\/?p=435\" target=\"_blank\" rel=\"noreferrer noopener\" aria-label=\"Aldi, Lidl &amp; Co: Ein Wein vom Discounter, einer nicht. Schmecken wir den Unterschied? (\u00f6ffnet in neuem Tab)\">Aldi, Lidl &amp; Co: Ein Wein vom Discounter, einer nicht. Schmecken wir den Unterschied?<\/a><\/p>\n\n\n\n<p><a href=\"http:\/\/www.weinclubalstertal.de\/?p=432\">Deutschland: ein Riesling, ein Sp\u00e4tburgunder<\/a><\/p>\n\n\n\n<p><a href=\"http:\/\/www.weinclubalstertal.de\/?p=422\" target=\"_blank\" rel=\"noreferrer noopener\" aria-label=\"Italien rot (\u00f6ffnet in neuem Tab)\">Italien rot<\/a><\/p>\n\n\n\n<p><a href=\"http:\/\/www.weinclubalstertal.de\/?p=418\" target=\"_blank\" rel=\"noreferrer noopener\" aria-label=\"S\u00fcdtirol (\u00f6ffnet in neuem Tab)\">S\u00fcdtirol<\/a><\/p>\n\n\n\n<p><a href=\"http:\/\/www.weinclubalstertal.de\/?p=414\" target=\"_blank\" rel=\"noreferrer noopener\" aria-label=\"Pflaume (\u00f6ffnet in neuem Tab)\">Pflaume<\/a><\/p>\n\n\n\n<p><a href=\"http:\/\/www.weinclubalstertal.de\/?p=409\" target=\"_blank\" rel=\"noreferrer noopener\" aria-label=\"Fabelhaftes Burgund (\u00f6ffnet in neuem Tab)\">Fabelhaftes Burgund<\/a><\/p>\n\n\n\n<p><a href=\"http:\/\/www.weinclubalstertal.de\/?p=362\" target=\"_blank\" rel=\"noreferrer noopener\" aria-label=\"WCA-Abend St\u00fcffel (\u00f6ffnet in neuem Tab)\">WCA-Abend St\u00fcffel<\/a><\/p>\n\n\n\n<p><a href=\"http:\/\/www.weinclubalstertal.de\/?p=297\" target=\"_blank\" rel=\"noreferrer noopener\" aria-label=\"Portugal (\u00f6ffnet in neuem Tab)\">Portugal<\/a><\/p>\n\n\n\n<p><a href=\"http:\/\/www.weinclubalstertal.de\/?p=280\" target=\"_blank\" rel=\"noreferrer noopener\" aria-label=\"Fr\u00e4nkischer Wein (rot und wei\u00df) (\u00f6ffnet in neuem Tab)\">Fr\u00e4nkischer Wein (rot und wei\u00df)<\/a><\/p>\n\n\n\n<p><a href=\"http:\/\/www.weinclubalstertal.de\/?p=262\" target=\"_blank\" rel=\"noreferrer noopener\" aria-label=\"Rioja (\u00f6ffnet in neuem Tab)\">Rioja<\/a><\/p>\n\n\n\n<p><a href=\"http:\/\/www.weinclubalstertal.de\/?p=230\">Rh\u00f4ne<\/a><\/p>\n\n\n\n<p><a href=\"http:\/\/www.weinclubalstertal.de\/?p=214\" target=\"_blank\" rel=\"noreferrer noopener\" aria-label=\"La Misse Chianti Classico Wein am Limit (\u00f6ffnet in neuem Tab)\">La Misse Chianti Classico Wein am Limit<\/a><\/p>\n\n\n\n<p><a href=\"http:\/\/www.weinclubalstertal.de\/?p=164\" target=\"_blank\" rel=\"noreferrer noopener\" aria-label=\" (\u00f6ffnet in neuem Tab)\">Kirsche, Veilchen und Lakritz<\/a><\/p>\n\n\n\n<p><a href=\"http:\/\/www.weinclubalstertal.de\/?p=61\" target=\"_blank\" rel=\"noreferrer noopener\" aria-label=\"Bordeaux Haut-Medoc Himbeere - Pfeffer (\u00f6ffnet in neuem Tab)\">Bordeaux Haut-Medoc Himbeere &#8211; Pfeffer<\/a><\/p>\n\n\n\n<p><a href=\"http:\/\/www.weinclubalstertal.de\/?p=86\" target=\"_blank\" rel=\"noreferrer noopener\" aria-label=\" (\u00f6ffnet in neuem Tab)\">Kalifornische Rotweine<\/a><\/p>\n\n\n\n<p><a href=\"http:\/\/www.weinclubalstertal.de\/?p=588\" target=\"_blank\" rel=\"noreferrer noopener\" aria-label=\"Pinot Noir (\u00f6ffnet in neuem Tab)\">Pinot Noir<\/a><\/p>\n\n\n\n<p><a href=\"http:\/\/www.weinclubalstertal.de\/?p=93\" target=\"_blank\" rel=\"noreferrer noopener\" aria-label=\"Sommerliche Rebsorten (\u00f6ffnet in neuem Tab)\">Sommerliche Rebsorten<\/a><\/p>\n\n\n\n<p><a href=\"http:\/\/www.weinclubalstertal.de\/?p=585\" target=\"_blank\" rel=\"noreferrer noopener\" aria-label=\"Supertoscana (\u00f6ffnet in neuem Tab)\">Supertoscana<\/a><\/p>\n\n\n\n<p><a href=\"http:\/\/www.weinclubalstertal.de\/?p=583\" target=\"_blank\" rel=\"noreferrer noopener\" aria-label=\" (\u00f6ffnet in neuem Tab)\">Weisser Bordeaux\/Pessac<\/a><\/p>\n\n\n\n<p><a href=\"http:\/\/www.weinclubalstertal.de\/?p=581\" target=\"_blank\" rel=\"noreferrer noopener\" aria-label=\"Cabernets: Linkes Ufer gegen Westcoast (\u00f6ffnet in neuem Tab)\">Cabernets: Linkes Ufer gegen Westcoast<\/a><\/p>\n\n\n\n<p><a href=\"http:\/\/www.weinclubalstertal.de\/?p=576\" target=\"_blank\" rel=\"noreferrer noopener\" aria-label=\"Pessac-Leognan (\u00f6ffnet in neuem Tab)\">Pessac-Leognan<\/a><\/p>\n\n\n\n<p><a href=\"http:\/\/www.weinclubalstertal.de\/?p=571\" target=\"_blank\" rel=\"noreferrer noopener\" aria-label=\"Saint-Est\u00e8phe (\u00f6ffnet in neuem Tab)\">Saint-Est\u00e8phe<\/a><\/p>\n\n\n\n<p><a href=\"http:\/\/www.weinclubalstertal.de\/?p=569\" target=\"_blank\" rel=\"noreferrer noopener\" aria-label=\"Margaux (\u00f6ffnet in neuem Tab)\">Margaux<\/a><\/p>\n\n\n\n<p><a href=\"http:\/\/www.weinclubalstertal.de\/?p=564\" target=\"_blank\" rel=\"noreferrer noopener\" aria-label=\"Sommerweine (\u00f6ffnet in neuem Tab)\">Sommerweine<\/a><\/p>\n\n\n\n<p><a href=\"http:\/\/www.weinclubalstertal.de\/?p=561\" target=\"_blank\" rel=\"noreferrer noopener\" aria-label=\"Der Alte muss weg! (\u00f6ffnet in neuem Tab)\">Der Alte muss weg!<\/a><\/p>\n\n\n\n<p><a href=\"http:\/\/www.weinclubalstertal.de\/?p=558\" target=\"_blank\" rel=\"noreferrer noopener\" aria-label=\"Gleicher Wein \u2013 zwei Jahrg\u00e4nge (\u00f6ffnet in neuem Tab)\">Gleicher Wein \u2013 zwei Jahrg\u00e4nge<\/a><\/p>\n","protected":false},"excerpt":{"rendered":"<p>Hier findet ihr einen \u00dcberblick \u00fcber die bisherigen Themen der Abende: Barolo Pessac-Leognang Toscana Deutscher Riesling \u201eKleine\u201c Apellationen des rechten Ufers Chilenischer Rotwein Rotwein Linkes Ufer Nero d\u2019Avola Australien S\u00fcdafrika Aldi, Lidl &amp; Co: Ein Wein vom Discounter, einer nicht. Schmecken wir den Unterschied? Deutschland: ein Riesling, ein Sp\u00e4tburgunder Italien rot S\u00fcdtirol Pflaume Fabelhaftes Burgund [&hellip;]<\/p>\n","protected":false},"author":1,"featured_media":0,"parent":0,"menu_order":0,"comment_status":"closed","ping_status":"closed","template":"","meta":{"footnotes":""},"class_list":["post-11","page","type-page","status-publish","hentry"],"_links":{"self":[{"href":"https:\/\/www.weinclubalstertal.de\/index.php?rest_route=\/wp\/v2\/pages\/11"}],"collection":[{"href":"https:\/\/www.weinclubalstertal.de\/index.php?rest_route=\/wp\/v2\/pages"}],"about":[{"href":"https:\/\/www.weinclubalstertal.de\/index.php?rest_route=\/wp\/v2\/types\/page"}],"author":[{"embeddable":true,"href":"https:\/\/www.weinclubalstertal.de\/index.php?rest_route=\/wp\/v2\/users\/1"}],"replies":[{"embeddable":true,"href":"https:\/\/www.weinclubalstertal.de\/index.php?rest_route=%2Fwp%2Fv2%2Fcomments&post=11"}],"version-history":[{"count":28,"href":"https:\/\/www.weinclubalstertal.de\/index.php?rest_route=\/wp\/v2\/pages\/11\/revisions"}],"predecessor-version":[{"id":625,"href":"https:\/\/www.weinclubalstertal.de\/index.php?rest_route=\/wp\/v2\/pages\/11\/revisions\/625"}],"wp:attachment":[{"href":"https:\/\/www.weinclubalstertal.de\/index.php?rest_route=%2Fwp%2Fv2%2Fmedia&parent=11"}],"curies":[{"name":"wp","href":"https:\/\/api.w.org\/{rel}","templated":true}]}}