{"id":48,"date":"2016-01-09T23:50:09","date_gmt":"2016-01-09T22:50:09","guid":{"rendered":"http:\/\/www.weinclubalstertal.de\/?page_id=48"},"modified":"2016-01-10T12:42:25","modified_gmt":"2016-01-10T11:42:25","slug":"aromen","status":"publish","type":"page","link":"https:\/\/www.weinclubalstertal.de\/?page_id=48","title":{"rendered":"Aromen"},"content":{"rendered":"<p>Es werden drei Typen von Aromen unterschieden.<\/p>\n<ol>\n<li><strong>Prim\u00e4raromen:<\/strong> Sie stammen\u00a0aus der Rebsorte, aus der Traube und\u00a0sind\u00a0die sortentypischen Aromen. Es handelt sich hierbei um fruchtige und Bl\u00fctenaromen.<\/li>\n<li><strong>Sekund\u00e4raromen: <\/strong>Sie entstehen\u00a0w\u00e4hrend des G\u00e4rprozesses durch Hefen und Milchs\u00e4urebakterien.<\/li>\n<li><strong>Terti\u00e4raromen<\/strong>: Sie werden\u00a0w\u00e4hrend des Reifeprozesses in der Flasche, im Tank oder im Fass gebildet \u00a0und sind das Ergebnis der Arbeit des Weinherstellers.<\/li>\n<\/ol>\n<p>W\u00e4hrend ein hochwertiger Wein neben den Prim\u00e4raromen immer auch eine breite Palette an Sekund\u00e4r- und Terti\u00e4raromen mitbringt, zeigen sehr einfache Weine meist nur wenige Prim\u00e4raromen, wodurch sie flacher und weniger spannend\u00a0erscheinen.<\/p>\n<h2 id=\"tablepress-1-name\" class=\"tablepress-table-name tablepress-table-name-id-1\">Aromen\u00fcbersicht<\/h2>\n\n<table id=\"tablepress-1\" class=\"tablepress tablepress-id-1\" aria-labelledby=\"tablepress-1-name\">\n<thead>\n<tr class=\"row-1 odd\">\n\t<th class=\"column-1\">Aromenfamilien<\/th><th class=\"column-2\">Wei\u00dfweinaromen<\/th><th class=\"column-3\">Rot- und Wei\u00dfweinaromen<\/th><th class=\"column-4\">Rotweinaromen<\/th>\n<\/tr>\n<\/thead>\n<tbody class=\"row-hover\">\n<tr class=\"row-2 even\">\n\t<td class=\"column-1\">Fr\u00fcchte<\/td><td class=\"column-2\">Zitrone, Zitronenschale, Grapefruit, Limette, Orange, Blutorange, Mandarine, Aprikose, Pfirsich, Mirabelle, Melone, Apfel, Birne, Quitte, Stachelbeere,<br \/>\nLitschi, Ananas, Kiwi, Maracuya, Mango, Papaya, Passiosfrucht<\/td><td class=\"column-3\">Schwarze Johannisbeere<\/td><td class=\"column-4\">Rote Fr\u00fcchte, Cassis, Brombeere, Himbeere, Erdbeere,  Heidelbeere, Kirsche, Schwarzkirsche, Pflaume, Banane<\/td>\n<\/tr>\n<tr class=\"row-3 odd\">\n\t<td class=\"column-1\">Getrocknete Fr\u00fcchte<\/td><td class=\"column-2\">Aprikose<\/td><td class=\"column-3\">Dattel, Feige<\/td><td class=\"column-4\"><\/td>\n<\/tr>\n<tr class=\"row-4 even\">\n\t<td class=\"column-1\">Sonstige Lebensmittel<\/td><td class=\"column-2\">Spargel<\/td><td class=\"column-3\">Champignon, Tr\u00fcffel, Weinhefe<\/td><td class=\"column-4\"> Gr\u00fcne Paprika, Kohl, Kaugummi, Oliven,<br \/>\nSchokolade<\/td>\n<\/tr>\n<tr class=\"row-5 odd\">\n\t<td class=\"column-1\">Nussaromen<\/td><td class=\"column-2\">Walnuss, Haselnuss, Marzipan<\/td><td class=\"column-3\">Mandel, Bittermandel<\/td><td class=\"column-4\"><\/td>\n<\/tr>\n<tr class=\"row-6 even\">\n\t<td class=\"column-1\">W\u00fcrzige Aromen<\/td><td class=\"column-2\"><\/td><td class=\"column-3\">Pfeffer, Vanille, Zimt, Gew\u00fcrznelke, Safran, Thymian<\/td><td class=\"column-4\">Pfeffer, Nelke, Kardamon<\/td>\n<\/tr>\n<tr class=\"row-7 odd\">\n\t<td class=\"column-1\">Balsamisch<\/td><td class=\"column-2\">Pinineharz<\/td><td class=\"column-3\"><\/td><td class=\"column-4\"><\/td>\n<\/tr>\n<tr class=\"row-8 even\">\n\t<td class=\"column-1\">Bl\u00fcten<\/td><td class=\"column-2\">Lindenbl\u00fcten, Ginster, Akazie, Jasmin, Orangenbl\u00fcten, Holunderbl\u00fcten<\/td><td class=\"column-3\">Rose<\/td><td class=\"column-4\">Veilchen<\/td>\n<\/tr>\n<tr class=\"row-9 odd\">\n\t<td class=\"column-1\">Tierisch<\/td><td class=\"column-2\">Katzenpipi<\/td><td class=\"column-3\">Moschus<\/td><td class=\"column-4\">Leder, Stall, Wild<\/td>\n<\/tr>\n<tr class=\"row-10 even\">\n\t<td class=\"column-1\">Mineralisch<\/td><td class=\"column-2\">Jod<\/td><td class=\"column-3\"><\/td><td class=\"column-4\"><\/td>\n<\/tr>\n<tr class=\"row-11 odd\">\n\t<td class=\"column-1\">S\u00fc\u00df<\/td><td class=\"column-2\">Honig<\/td><td class=\"column-3\">Karamel, Kokosnuss, Rosinen<\/td><td class=\"column-4\">Schokolade, Lebkuchen<\/td>\n<\/tr>\n<tr class=\"row-12 even\">\n\t<td class=\"column-1\">Pflanzlicher Geruch<\/td><td class=\"column-2\">Grasb\u00fcschel, Blatt, Stroh, Zeder, Kiefer<\/td><td class=\"column-3\">Minze<\/td><td class=\"column-4\">Tee, Waldboden, Eukalyptus<\/td>\n<\/tr>\n<tr class=\"row-13 odd\">\n\t<td class=\"column-1\">R\u00f6staromen<\/td><td class=\"column-2\">Ger\u00f6stetes Wei\u00dfbrot, ger\u00f6stete Haselnuss<\/td><td class=\"column-3\">Ger\u00f6stete Mandel<\/td><td class=\"column-4\">Kaffee, Rauch<\/td>\n<\/tr>\n<tr class=\"row-14 even\">\n\t<td class=\"column-1\">Steine<\/td><td class=\"column-2\">Feuerstein<\/td><td class=\"column-3\">Graphite<\/td><td class=\"column-4\"><\/td>\n<\/tr>\n<tr class=\"row-15 odd\">\n\t<td class=\"column-1\">Patisserie<\/td><td class=\"column-2\">Brioche, Butter, Biskuit<\/td><td class=\"column-3\"><\/td><td class=\"column-4\"><\/td>\n<\/tr>\n<tr class=\"row-16 even\">\n\t<td class=\"column-1\">Holz<\/td><td class=\"column-2\">Bleistift<\/td><td class=\"column-3\"><\/td><td class=\"column-4\">Sandelholz, S\u00fc\u00dfholz (Lakritz), Zedernholz, Zigarrenkiste<\/td>\n<\/tr>\n<tr class=\"row-17 odd\">\n\t<td class=\"column-1\"><\/td><td class=\"column-2\"><\/td><td class=\"column-3\">Kandierte Orange<\/td><td class=\"column-4\"><\/td>\n<\/tr>\n<\/tbody>\n<\/table>\n<!-- #tablepress-1 from cache -->\n","protected":false},"excerpt":{"rendered":"<p>Es werden drei Typen von Aromen unterschieden. Prim\u00e4raromen: Sie stammen\u00a0aus der Rebsorte, aus der Traube und\u00a0sind\u00a0die sortentypischen Aromen. Es handelt sich hierbei um fruchtige und Bl\u00fctenaromen. Sekund\u00e4raromen: Sie entstehen\u00a0w\u00e4hrend des G\u00e4rprozesses durch Hefen und Milchs\u00e4urebakterien. Terti\u00e4raromen: Sie werden\u00a0w\u00e4hrend des Reifeprozesses in der Flasche, im Tank oder im Fass gebildet \u00a0und sind das Ergebnis der Arbeit [&hellip;]<\/p>\n","protected":false},"author":1,"featured_media":0,"parent":0,"menu_order":0,"comment_status":"closed","ping_status":"closed","template":"","meta":{"footnotes":""},"class_list":["post-48","page","type-page","status-publish","hentry"],"_links":{"self":[{"href":"https:\/\/www.weinclubalstertal.de\/index.php?rest_route=\/wp\/v2\/pages\/48"}],"collection":[{"href":"https:\/\/www.weinclubalstertal.de\/index.php?rest_route=\/wp\/v2\/pages"}],"about":[{"href":"https:\/\/www.weinclubalstertal.de\/index.php?rest_route=\/wp\/v2\/types\/page"}],"author":[{"embeddable":true,"href":"https:\/\/www.weinclubalstertal.de\/index.php?rest_route=\/wp\/v2\/users\/1"}],"replies":[{"embeddable":true,"href":"https:\/\/www.weinclubalstertal.de\/index.php?rest_route=%2Fwp%2Fv2%2Fcomments&post=48"}],"version-history":[{"count":9,"href":"https:\/\/www.weinclubalstertal.de\/index.php?rest_route=\/wp\/v2\/pages\/48\/revisions"}],"predecessor-version":[{"id":134,"href":"https:\/\/www.weinclubalstertal.de\/index.php?rest_route=\/wp\/v2\/pages\/48\/revisions\/134"}],"wp:attachment":[{"href":"https:\/\/www.weinclubalstertal.de\/index.php?rest_route=%2Fwp%2Fv2%2Fmedia&parent=48"}],"curies":[{"name":"wp","href":"https:\/\/api.w.org\/{rel}","templated":true}]}}